{"id":4538,"date":"2014-02-07T08:39:03","date_gmt":"2014-02-07T07:39:03","guid":{"rendered":"http:\/\/druckstudiogruppe.com\/?page_id=4538"},"modified":"2026-02-27T09:39:57","modified_gmt":"2026-02-27T08:39:57","slug":"certificates","status":"publish","type":"page","link":"https:\/\/druckstudiogruppe.com\/en\/company\/certificates\/","title":{"rendered":"Certificates"},"content":{"rendered":"<section class=\"l-section wpb_row height_auto width_full\"><div class=\"l-section-h i-cf\"><div class=\"g-cols vc_row via_grid cols_1 laptops-cols_inherit tablets-cols_inherit mobiles-cols_1 valign_top type_default stacking_default\"><div class=\"wpb_column vc_column_container\"><div class=\"vc_column-inner\"><div class=\"w-image align_none\"><div class=\"w-image-h\"><img loading=\"lazy\" decoding=\"async\" width=\"1280\" height=\"400\" src=\"https:\/\/druckstudiogruppe.com\/wp-content\/uploads\/2024\/10\/header_loewe_1280x400_TXT_EN.jpg\" class=\"attachment-full size-full\" alt=\"STRENGTH\" srcset=\"https:\/\/druckstudiogruppe.com\/wp-content\/uploads\/2024\/10\/header_loewe_1280x400_TXT_EN.jpg 1280w, https:\/\/druckstudiogruppe.com\/wp-content\/uploads\/2024\/10\/header_loewe_1280x400_TXT_EN-300x94.jpg 300w, https:\/\/druckstudiogruppe.com\/wp-content\/uploads\/2024\/10\/header_loewe_1280x400_TXT_EN-1024x320.jpg 1024w, https:\/\/druckstudiogruppe.com\/wp-content\/uploads\/2024\/10\/header_loewe_1280x400_TXT_EN-600x188.jpg 600w, https:\/\/druckstudiogruppe.com\/wp-content\/uploads\/2024\/10\/header_loewe_1280x400_TXT_EN-768x240.jpg 768w\" sizes=\"auto, (max-width: 1280px) 100vw, 1280px\" \/><\/div><\/div><div class=\"w-separator size_custom\" style=\"height:5px\"><\/div><\/div><\/div><\/div><\/div><\/section><section class=\"l-section wpb_row height_auto\"><div class=\"l-section-h i-cf\"><div class=\"g-cols vc_row via_grid cols_1 laptops-cols_inherit tablets-cols_inherit mobiles-cols_1 valign_top type_default stacking_default\"><div class=\"wpb_column vc_column_container\"><div class=\"vc_column-inner\"><div class=\"wpb_text_column\"><div class=\"wpb_wrapper\"><span><span><a href=\"https:\/\/druckstudiogruppe.com\/en\/\">Home<\/a><\/span><\/span>\n<\/div><\/div><div class=\"w-separator size_custom\" style=\"height:0px\"><\/div><div class=\"wpb_text_column\"><div class=\"wpb_wrapper\"><h1>The ultimate discipline: tested quality<\/h1>\n<\/div><\/div><div class=\"w-separator size_custom\" style=\"height:0px\"><\/div><\/div><\/div><\/div><\/div><\/section><section class=\"l-section wpb_row height_auto\"><div class=\"l-section-h i-cf\"><div class=\"g-cols vc_row via_grid cols_3-1 laptops-cols_inherit tablets-cols_inherit mobiles-cols_1 valign_top type_default stacking_default\"><div class=\"wpb_column vc_column_container\"><div class=\"vc_column-inner\"><div class=\"g-cols wpb_row via_grid cols_1 laptops-cols_inherit tablets-cols_inherit mobiles-cols_1 valign_top type_default stacking_default\"><div class=\"wpb_column vc_column_container\"><div class=\"vc_column-inner\"><div class=\"wpb_text_column\"><div class=\"wpb_wrapper\"><h4><strong><span style=\"color: #808080;\">We are constantly driving forward the certification of our services and products. Because we want to offer our customers the greatest possible security and transparency. We are happy to meet the strict quality requirements and the associated conditions imposed by the auditors. They help us to consistently achieve more in all areas. <\/span><\/strong><\/h4>\n<p>For example, our company is certified in accordance with the world&#8217;s highest environmental standard, EMAS. The highest environmental standard for print products is guaranteed by our Blue Angel certification, currently by far the strictest and most credible environmental label in the print sector. Certification in accordance with the internationally recognized standards for quality management (DIN EN ISO 9001) and environmental management (DIN EN ISO 14001) as well as all other certifications are proof of the consistently high quality orientation and the energy-efficient and <a href=\"https:\/\/druckstudiogruppe.com\/unternehmen\/umweltschutz\/\">environmental friendly production<\/a> of our print products and medai services.<\/p>\n<\/div><\/div><\/div><\/div><\/div><div class=\"w-separator size_medium with_line width_default thick_1 style_solid color_border align_center\"><div class=\"w-separator-h\"><\/div><\/div><div class=\"g-cols wpb_row via_grid cols_3 laptops-cols_inherit tablets-cols_inherit mobiles-cols_1 valign_top type_default stacking_default\"><div class=\"wpb_column vc_column_container\"><div class=\"vc_column-inner\"><div class=\"w-image align_none\"><a href=\"https:\/\/www.druckstudiogruppe.com\/zertifizierung-umweltstandard-emas\/\" aria-label=\"Link\" class=\"w-image-h\"><img loading=\"lazy\" decoding=\"async\" width=\"400\" height=\"250\" src=\"https:\/\/druckstudiogruppe.com\/wp-content\/uploads\/2020\/06\/EMAS_Logo_ohne_Text_Zertifikate-1.png\" class=\"attachment-full size-full\" alt=\"\" srcset=\"https:\/\/druckstudiogruppe.com\/wp-content\/uploads\/2020\/06\/EMAS_Logo_ohne_Text_Zertifikate-1.png 400w, https:\/\/druckstudiogruppe.com\/wp-content\/uploads\/2020\/06\/EMAS_Logo_ohne_Text_Zertifikate-1-300x188.png 300w\" sizes=\"auto, (max-width: 400px) 100vw, 400px\" \/><\/a><\/div><div class=\"wpb_text_column\"><div class=\"wpb_wrapper\"><div style=\"background: #f0f0f0;\">\n<h5 style=\"font-weight: bold; color: #000000;\">Certification according to the EMAS environmental standard<\/h5>\n<p style=\"color: #000000;\">EMAS guarantees compliance with the world&#8217;s highest environmental standards. The certification provides transparent and verifiable evidence of our effective contribution to environmental protection. <a href=\"https:\/\/druckstudiogruppe.com\/zertifizierung-umweltstandard-emas\/\">\u25b8 read more<\/a><\/p>\n<\/div>\n<\/div><\/div><\/div><\/div><div class=\"wpb_column vc_column_container\"><div class=\"vc_column-inner\"><div class=\"w-image align_none\"><a href=\"https:\/\/www.druckstudiogruppe.com\/zertifizierung-nach-din-iso-14001-umweltmanagement\/\" aria-label=\"Link\" class=\"w-image-h\"><img loading=\"lazy\" decoding=\"async\" width=\"400\" height=\"250\" src=\"https:\/\/druckstudiogruppe.com\/wp-content\/uploads\/2020\/07\/ISO_14001_2020_Zertifikatsseite.png\" class=\"attachment-full size-full\" alt=\"\" srcset=\"https:\/\/druckstudiogruppe.com\/wp-content\/uploads\/2020\/07\/ISO_14001_2020_Zertifikatsseite.png 400w, https:\/\/druckstudiogruppe.com\/wp-content\/uploads\/2020\/07\/ISO_14001_2020_Zertifikatsseite-300x188.png 300w\" sizes=\"auto, (max-width: 400px) 100vw, 400px\" \/><\/a><\/div><div class=\"wpb_text_column\"><div class=\"wpb_wrapper\"><div style=\"background: #f0f0f0;\">\n<h5 style=\"font-weight: bold; color: #000000;\">DIN ISO 14001\u00a0 Certification (Environmental Management)<\/h5>\n<p style=\"color: #000000;\">This certification is proof of our functioning and successful environmental protection measures. <a href=\"https:\/\/druckstudiogruppe.com\/zertifizierung-nach-din-iso-14001-umweltmanagement\/\">\u25b8read more<\/a><\/p>\n<\/div>\n<\/div><\/div><\/div><\/div><div class=\"wpb_column vc_column_container\"><div class=\"vc_column-inner\"><div class=\"w-image align_none\"><a href=\"https:\/\/druckstudiogruppe.com\/en\/certification-to-din-iso-9001-quality-management\/\" aria-label=\"Link\" class=\"w-image-h\"><img loading=\"lazy\" decoding=\"async\" width=\"400\" height=\"250\" src=\"https:\/\/druckstudiogruppe.com\/wp-content\/uploads\/2026\/02\/SGS_2026.png\" class=\"attachment-full size-full\" alt=\"\" srcset=\"https:\/\/druckstudiogruppe.com\/wp-content\/uploads\/2026\/02\/SGS_2026.png 400w, https:\/\/druckstudiogruppe.com\/wp-content\/uploads\/2026\/02\/SGS_2026-300x188.png 300w\" sizes=\"auto, (max-width: 400px) 100vw, 400px\" \/><\/a><\/div><div class=\"wpb_text_column\"><div class=\"wpb_wrapper\"><div style=\"background: #f0f0f0;\">\n<h5 style=\"font-weight: bold; color: #000000;\">DIN ISO 9001 Certification (Quality Management)<\/h5>\n<p style=\"color: #000000;\">This certification is proof of our consistently high quality orientation.. <a href=\"..\/zertifizierung-nach-din-iso-9001-qualitaetsmanagement\/\">\u25b8 read more<\/a><\/p>\n<\/div>\n<\/div><\/div><\/div><\/div><\/div><div class=\"w-separator size_medium with_line width_default thick_1 style_solid color_border align_center\"><div class=\"w-separator-h\"><\/div><\/div><div class=\"g-cols wpb_row via_grid cols_3 laptops-cols_inherit tablets-cols_inherit mobiles-cols_1 valign_top type_default stacking_default\"><div class=\"wpb_column vc_column_container\"><div class=\"vc_column-inner\"><div class=\"w-image align_none\"><a href=\"https:\/\/www.druckstudiogruppe.com\/blauer-engel-zertifizierung\/\" aria-label=\"Link\" class=\"w-image-h\"><img loading=\"lazy\" decoding=\"async\" width=\"400\" height=\"250\" src=\"https:\/\/druckstudiogruppe.com\/wp-content\/uploads\/2020\/04\/Blauer_Engel_Zertifikat-1.png\" class=\"attachment-full size-full\" alt=\"\" srcset=\"https:\/\/druckstudiogruppe.com\/wp-content\/uploads\/2020\/04\/Blauer_Engel_Zertifikat-1.png 400w, https:\/\/druckstudiogruppe.com\/wp-content\/uploads\/2020\/04\/Blauer_Engel_Zertifikat-1-300x188.png 300w\" sizes=\"auto, (max-width: 400px) 100vw, 400px\" \/><\/a><\/div><div class=\"wpb_text_column\"><div class=\"wpb_wrapper\"><div style=\"background: #f0f0f0;\">\n<h5 style=\"font-weight: bold; color: #000000;\">Certification according to the criteria of the Blue Angel (DE-UZ 195)<\/h5>\n<p style=\"color: #000000;\">This certification is proof of particularly environmentally friendly print production along the entire value chain. <a href=\"https:\/\/druckstudiogruppe.com\/blauer-engel-zertifizierung\/\">\u25b8 read more<\/a><\/p>\n<\/div>\n<\/div><\/div><\/div><\/div><div class=\"wpb_column vc_column_container\"><div class=\"vc_column-inner\"><div class=\"w-image align_none\"><a href=\"https:\/\/druckstudiogruppe.com\/en\/climate-compensated-printing\/\" aria-label=\"Link\" class=\"w-image-h\"><img loading=\"lazy\" decoding=\"async\" width=\"400\" height=\"250\" src=\"https:\/\/druckstudiogruppe.com\/wp-content\/uploads\/2025\/08\/natureOffice.png\" class=\"attachment-full size-full\" alt=\"\" srcset=\"https:\/\/druckstudiogruppe.com\/wp-content\/uploads\/2025\/08\/natureOffice.png 400w, https:\/\/druckstudiogruppe.com\/wp-content\/uploads\/2025\/08\/natureOffice-300x188.png 300w, https:\/\/druckstudiogruppe.com\/wp-content\/uploads\/2025\/08\/natureOffice-150x94.png 150w\" sizes=\"auto, (max-width: 400px) 100vw, 400px\" \/><\/a><\/div><div class=\"wpb_text_column\"><div class=\"wpb_wrapper\"><div style=\"background: #f0f0f0;\">\n<h5 style=\"font-weight: bold; color: #000000;\">Certification according to natureOffice<\/h5>\n<p style=\"color: #000000;\">Druckstudio GmbH reinforces its climate protection committment. <a href=\"..\/zertifizierung-nach-dem-verfahren-von-natureoffice\/\">\u25b8 read more<\/a><\/p>\n<\/div>\n<\/div><\/div><\/div><\/div><div class=\"wpb_column vc_column_container\"><div class=\"vc_column-inner\"><div class=\"w-image align_none\"><a href=\"https:\/\/www.druckstudiogruppe.com\/fsc-zertifizierung\/\" aria-label=\"Link\" class=\"w-image-h\"><img loading=\"lazy\" decoding=\"async\" width=\"400\" height=\"250\" src=\"https:\/\/druckstudiogruppe.com\/wp-content\/uploads\/2014\/08\/FSC.png\" class=\"attachment-full size-full\" alt=\"\" srcset=\"https:\/\/druckstudiogruppe.com\/wp-content\/uploads\/2014\/08\/FSC.png 400w, https:\/\/druckstudiogruppe.com\/wp-content\/uploads\/2014\/08\/FSC-300x188.png 300w\" sizes=\"auto, (max-width: 400px) 100vw, 400px\" \/><\/a><\/div><div class=\"wpb_text_column\"><div class=\"wpb_wrapper\"><div style=\"background: #f0f0f0;\">\n<h5 style=\"font-weight: bold; color: #000000;\">FSC<sup>\u00ae<\/sup>-Certification<\/h5>\n<p style=\"color: #000000;\">Druckstudio GmbH has been FSC\u00ae-certified since July 2007, setting an example for environmental protection and sustainability. <a href=\"..\/fsc-zertifizierung\/\">\u25b8 read more<\/a><\/p>\n<\/div>\n<\/div><\/div><\/div><\/div><\/div><div class=\"w-separator size_medium with_line width_default thick_1 style_solid color_border align_center\"><div class=\"w-separator-h\"><\/div><\/div><div class=\"g-cols wpb_row via_grid cols_3 laptops-cols_inherit tablets-cols_inherit mobiles-cols_1 valign_top type_default stacking_default\"><div class=\"wpb_column vc_column_container\"><div class=\"vc_column-inner\"><div class=\"w-image align_center\"><a title=\"EcoVadis: Druckstudio Group awarded silver medal\" href=\"https:\/\/druckstudiogruppe.com\/en\/ecovadis-silver-medal-2\/\" aria-label=\"Link\" class=\"w-image-h\"><img loading=\"lazy\" decoding=\"async\" width=\"130\" height=\"130\" src=\"https:\/\/druckstudiogruppe.com\/wp-content\/uploads\/2025\/06\/EcoVadis-Silber_Druckstudiogruppe_130_130.png\" class=\"attachment-full size-full\" alt=\"\" \/><\/a><\/div><div class=\"wpb_text_column\"><div class=\"wpb_wrapper\"><div style=\"background: #f0f0f0;\">\n<h5 style=\"font-weight: bold; color: #000000;\">Ecovadis Silver Medal<\/h5>\n<p style=\"color: #000000;\">The ranking demonstrates the diverse and successful measures with which we are holistically committed to sustainability in the printing industry.<\/p>\n<p style=\"color: #000000;\"><a href=\"https:\/\/druckstudiogruppe.com\/en\/ecovadis-silver-medal-2\/\">\u25b8 read more<\/a><\/p>\n<\/div>\n<\/div><\/div><\/div><\/div><div class=\"wpb_column vc_column_container\"><div class=\"vc_column-inner\"><div class=\"w-image align_center\"><a title=\"Druckstudio Gruppe zertifiziert als GREEN BRAND\" href=\"https:\/\/www.druckstudiogruppe.com?p=11581\" aria-label=\"Link\" class=\"w-image-h\"><img loading=\"lazy\" decoding=\"async\" width=\"130\" height=\"130\" src=\"https:\/\/druckstudiogruppe.com\/wp-content\/uploads\/2025\/01\/GreenBrands_Druckstudiogruppe_130_130.png\" class=\"attachment-full size-full\" alt=\"\" \/><\/a><\/div><div class=\"wpb_text_column\"><div class=\"wpb_wrapper\"><div style=\"background: #f0f0f0;\">\n<h5 style=\"font-weight: bold; color: #000000;\">Druckstudio Group certified as GREEN BRAND<\/h5>\n<p style=\"color: #000000;\">Since July 2021, the Druckstudio Group has been certified with the international \u201cGREEN BRAND\u201d award.<\/p>\n<p style=\"color: #000000;\"><a href=\"https:\/\/druckstudiogruppe.com\/green-brand-zertifizierung\/\">\u25b8 read more<\/a><\/p>\n<\/div>\n<\/div><\/div><\/div><\/div><div class=\"wpb_column vc_column_container\"><div class=\"vc_column-inner\"><div class=\"w-image align_none\"><a title=\"Zertifizierung nach DIN ISO 12647 (ProzessStandard)\" href=\"https:\/\/www.druckstudiogruppe.com?p=1222\" aria-label=\"Link\" class=\"w-image-h\"><img loading=\"lazy\" decoding=\"async\" width=\"400\" height=\"250\" src=\"https:\/\/druckstudiogruppe.com\/wp-content\/uploads\/2025\/08\/PSO_2027.png\" class=\"attachment-full size-full\" alt=\"\" srcset=\"https:\/\/druckstudiogruppe.com\/wp-content\/uploads\/2025\/08\/PSO_2027.png 400w, https:\/\/druckstudiogruppe.com\/wp-content\/uploads\/2025\/08\/PSO_2027-300x188.png 300w, https:\/\/druckstudiogruppe.com\/wp-content\/uploads\/2025\/08\/PSO_2027-150x94.png 150w\" sizes=\"auto, (max-width: 400px) 100vw, 400px\" \/><\/a><\/div><div class=\"wpb_text_column\"><div class=\"wpb_wrapper\"><div style=\"background: #f0f0f0;\">\n<h5 style=\"font-weight: bold; color: #000000;\">Certification according to DIN ISO 12647 (process standard)<\/h5>\n<p style=\"color: #000000;\">Druckstudio GmbH has been certified to ISO standard 12647 since 2006. <a href=\"https:\/\/druckstudiogruppe.com\/zertifizierung-nach-din-iso-12647-2\/\">\u25b8 read more<\/a><\/p>\n<\/div>\n<\/div><\/div><\/div><\/div><\/div><div class=\"w-separator size_medium with_line width_default thick_1 style_solid color_border align_center\"><div class=\"w-separator-h\"><\/div><\/div><div class=\"g-cols wpb_row via_grid cols_3 laptops-cols_inherit tablets-cols_inherit mobiles-cols_1 valign_top type_default stacking_default\"><div class=\"wpb_column vc_column_container\"><div class=\"vc_column-inner\"><div class=\"w-image align_none\"><a title=\"Das Qualit\u00e4ts Siegel Digitaldruck QSD garantiert Ihnen stets die bestm\u00f6gliche Qualit\u00e4t\" href=\"https:\/\/www.druckstudiogruppe.com\/zertifizierung-nach-din-iso-12647-2-2\/\" aria-label=\"Link\" class=\"w-image-h\"><img loading=\"lazy\" decoding=\"async\" width=\"400\" height=\"250\" src=\"https:\/\/druckstudiogruppe.com\/wp-content\/uploads\/2025\/08\/QSD_2027.png\" class=\"attachment-full size-full\" alt=\"\" srcset=\"https:\/\/druckstudiogruppe.com\/wp-content\/uploads\/2025\/08\/QSD_2027.png 400w, https:\/\/druckstudiogruppe.com\/wp-content\/uploads\/2025\/08\/QSD_2027-300x188.png 300w, https:\/\/druckstudiogruppe.com\/wp-content\/uploads\/2025\/08\/QSD_2027-150x94.png 150w\" sizes=\"auto, (max-width: 400px) 100vw, 400px\" \/><\/a><\/div><div class=\"wpb_text_column\"><div class=\"wpb_wrapper\"><div style=\"background: #f0f0f0;\">\n<h5 style=\"font-weight: bold; color: #000000;\">We use 100% green electricity<\/h5>\n<p style=\"color: #000000;\">This means completely CO2-free renewable electricity from hydropower generation. <a href=\"..\/wir-beziehen-zu-100-oekostrom\/\">\u25b8 read more<\/a><\/p>\n<\/div>\n<\/div><\/div><\/div><\/div><div class=\"wpb_column vc_column_container\"><div class=\"vc_column-inner\"><div class=\"w-image align_none\"><a href=\"https:\/\/www.druckstudiogruppe.com\/druckstudio-gmbh-als-oekoprofit-betrieb-zertifiziert-2\/\" aria-label=\"Link\" class=\"w-image-h\"><img loading=\"lazy\" decoding=\"async\" width=\"400\" height=\"250\" src=\"https:\/\/druckstudiogruppe.com\/wp-content\/uploads\/2014\/02\/oekoprofit_400x250.png\" class=\"attachment-full size-full\" alt=\"\" srcset=\"https:\/\/druckstudiogruppe.com\/wp-content\/uploads\/2014\/02\/oekoprofit_400x250.png 400w, https:\/\/druckstudiogruppe.com\/wp-content\/uploads\/2014\/02\/oekoprofit_400x250-300x188.png 300w\" sizes=\"auto, (max-width: 400px) 100vw, 400px\" \/><\/a><\/div><div class=\"wpb_text_column\"><div class=\"wpb_wrapper\"><div style=\"background: #f0f0f0;\">\n<h5 style=\"font-weight: bold; color: #000000;\">Druckstudio GmbH als\u00a0\u00d6koprofit-Betrieb zertifiziert<\/h5>\n<p style=\"color: #000000;\">Druckstudio GmbH certified as an Oekoprofit company. <a href=\"..\/druckstudio-gmbh-als-oekoprofit-betrieb-zertifiziert-2\/\">\u25b8 read more<\/a><\/p>\n<\/div>\n<\/div><\/div><\/div><\/div><div class=\"wpb_column vc_column_container\"><div class=\"vc_column-inner\"><div class=\"w-image align_none\"><a href=\"https:\/\/www.druckstudiogruppe.com\/wir-beziehen-zu-100-oekostrom\/\" aria-label=\"Link\" class=\"w-image-h\"><img loading=\"lazy\" decoding=\"async\" width=\"400\" height=\"250\" src=\"https:\/\/druckstudiogruppe.com\/wp-content\/uploads\/2014\/08\/Businessstrom.png\" class=\"attachment-full size-full\" alt=\"\" srcset=\"https:\/\/druckstudiogruppe.com\/wp-content\/uploads\/2014\/08\/Businessstrom.png 400w, https:\/\/druckstudiogruppe.com\/wp-content\/uploads\/2014\/08\/Businessstrom-300x188.png 300w\" sizes=\"auto, (max-width: 400px) 100vw, 400px\" \/><\/a><\/div><div class=\"wpb_text_column\"><div class=\"wpb_wrapper\"><div style=\"background: #f0f0f0;\">\n<h5 style=\"font-weight: bold; color: #000000;\">Quality seal digital printing QSD<\/h5>\n<p style=\"color: #000000;\">The QSD digital printing quality seal guarantees you the best possible quality at all times. <a href=\"https:\/\/druckstudiogruppe.com\/zertifizierung-nach-din-iso-12647-2-2\/\">\u25b8 read more<\/a><\/p>\n<\/div>\n<\/div><\/div><\/div><\/div><\/div><div class=\"w-separator size_medium with_line width_default thick_1 style_solid color_border align_center\"><div class=\"w-separator-h\"><\/div><\/div><\/div><\/div><div class=\"wpb_column vc_column_container\"><div class=\"vc_column-inner\">[vc_widget_sidebar sidebar_id=&#8221;sidebar-8&#8243;]<\/div><\/div><\/div><\/div><\/section><section class=\"l-section wpb_row height_medium\"><div class=\"l-section-h i-cf\"><div class=\"g-cols vc_row via_grid cols_3 laptops-cols_inherit tablets-cols_inherit mobiles-cols_1 valign_top type_default stacking_default\"><div class=\"wpb_column vc_column_container\"><div class=\"vc_column-inner\"><\/div><\/div><div class=\"wpb_column vc_column_container\"><div class=\"vc_column-inner\"><\/div><\/div><div class=\"wpb_column vc_column_container\"><div class=\"vc_column-inner\"><\/div><\/div><\/div><\/div><\/section>\n","protected":false},"excerpt":{"rendered":"Home The ultimate discipline: tested quality We are constantly driving forward the certification of our services and products. Because we want to offer our customers the greatest possible security and transparency. We are happy to meet the strict quality requirements and the associated conditions imposed by the auditors. They help us to consistently achieve more...","protected":false},"author":20,"featured_media":0,"parent":4486,"menu_order":0,"comment_status":"closed","ping_status":"closed","template":"","meta":{"footnotes":""},"class_list":["post-4538","page","type-page","status-publish","hentry"],"_links":{"self":[{"href":"https:\/\/druckstudiogruppe.com\/en\/wp-json\/wp\/v2\/pages\/4538","targetHints":{"allow":["GET"]}}],"collection":[{"href":"https:\/\/druckstudiogruppe.com\/en\/wp-json\/wp\/v2\/pages"}],"about":[{"href":"https:\/\/druckstudiogruppe.com\/en\/wp-json\/wp\/v2\/types\/page"}],"author":[{"embeddable":true,"href":"https:\/\/druckstudiogruppe.com\/en\/wp-json\/wp\/v2\/users\/20"}],"replies":[{"embeddable":true,"href":"https:\/\/druckstudiogruppe.com\/en\/wp-json\/wp\/v2\/comments?post=4538"}],"version-history":[{"count":96,"href":"https:\/\/druckstudiogruppe.com\/en\/wp-json\/wp\/v2\/pages\/4538\/revisions"}],"predecessor-version":[{"id":15769,"href":"https:\/\/druckstudiogruppe.com\/en\/wp-json\/wp\/v2\/pages\/4538\/revisions\/15769"}],"up":[{"embeddable":true,"href":"https:\/\/druckstudiogruppe.com\/en\/wp-json\/wp\/v2\/pages\/4486"}],"wp:attachment":[{"href":"https:\/\/druckstudiogruppe.com\/en\/wp-json\/wp\/v2\/media?parent=4538"}],"curies":[{"name":"wp","href":"https:\/\/api.w.org\/{rel}","templated":true}]}}